{"id":36182,"date":"2023-11-25T14:46:26","date_gmt":"2023-11-25T12:46:26","guid":{"rendered":"https:\/\/test.wapenhandelcolenbrander.nl\/product\/deerhunter-strike-extreme-boot-hose-mit-dornenfester-schicht\/"},"modified":"2026-01-28T14:51:13","modified_gmt":"2026-01-28T12:51:13","slug":"deerhunter-strike-extreme-boot-hose-mit-dornenfester-schicht","status":"publish","type":"product","link":"https:\/\/wapenhandelcolenbrander.nl\/de\/produkt\/deerhunter-strike-extreme-boot-hose-mit-dornenfester-schicht\/","title":{"rendered":"Deerhunter Strike Extreme Boot Hose, mit dornenfester Schicht"},"content":{"rendered":"<p>Die Deerhunter Strike Extreme Boot Hose ist eine geschmeidige Hose, aber mit einer zus\u00e4tzlichen Schicht auf der Innenseite, um Dornen zu stoppen<\/p>\n<p>Die Beine sind vom Schritt aufw\u00e4rts mit einer dornenfesten Schicht versehen.<\/p>\n<p>Spezifikationen:<\/p>\n<ul>\n<li>1 Ges\u00e4\u00dftasche mit Rei\u00dfverschluss?<\/li>\n<li>2?offen f\u00fcr Taschen?<\/li>\n<li>1 l\u00e4ngeres, schmales Fach am rechten Bein, das mit einem Druckknopf versehen ist<\/li>\n<\/ul>\n<p>Die Strike Extreme Boot Trousers sind in den Gr\u00f6\u00dfen 50, 52, 54,? kann in anderen Gr\u00f6\u00dfen bestellt werden.<\/p>\n<p>?<\/p>\n","protected":false},"excerpt":{"rendered":"<p>Die Deerhunter Strike Extreme Boot Hose ist eine geschmeidige Hose, aber mit einer zus\u00e4tzlichen Schicht auf der Innenseite, um Dornen<\/p>\n","protected":false},"featured_media":35761,"template":"","meta":{"_monsterinsights_skip_tracking":false,"_monsterinsights_sitenote_active":false,"_monsterinsights_sitenote_note":"","_monsterinsights_sitenote_category":0},"product_brand":[],"product_cat":[896,895,878],"product_tag":[],"class_list":{"0":"post-36182","1":"product","2":"type-product","3":"status-publish","4":"has-post-thumbnail","6":"product_cat-hosen","7":"product_cat-kleidung-de","8":"product_cat-kleidung","10":"first","11":"instock","12":"sale","13":"taxable","14":"shipping-taxable","15":"purchasable","16":"product-type-variable"},"_links":{"self":[{"href":"https:\/\/wapenhandelcolenbrander.nl\/de\/wp-json\/wp\/v2\/product\/36182","targetHints":{"allow":["GET"]}}],"collection":[{"href":"https:\/\/wapenhandelcolenbrander.nl\/de\/wp-json\/wp\/v2\/product"}],"about":[{"href":"https:\/\/wapenhandelcolenbrander.nl\/de\/wp-json\/wp\/v2\/types\/product"}],"version-history":[{"count":0,"href":"https:\/\/wapenhandelcolenbrander.nl\/de\/wp-json\/wp\/v2\/product\/36182\/revisions"}],"wp:featuredmedia":[{"embeddable":true,"href":"https:\/\/wapenhandelcolenbrander.nl\/de\/wp-json\/wp\/v2\/media\/35761"}],"wp:attachment":[{"href":"https:\/\/wapenhandelcolenbrander.nl\/de\/wp-json\/wp\/v2\/media?parent=36182"}],"wp:term":[{"taxonomy":"product_brand","embeddable":true,"href":"https:\/\/wapenhandelcolenbrander.nl\/de\/wp-json\/wp\/v2\/product_brand?post=36182"},{"taxonomy":"product_cat","embeddable":true,"href":"https:\/\/wapenhandelcolenbrander.nl\/de\/wp-json\/wp\/v2\/product_cat?post=36182"},{"taxonomy":"product_tag","embeddable":true,"href":"https:\/\/wapenhandelcolenbrander.nl\/de\/wp-json\/wp\/v2\/product_tag?post=36182"}],"curies":[{"name":"wp","href":"https:\/\/api.w.org\/{rel}","templated":true}]}}