{"id":36176,"date":"2023-11-25T14:46:29","date_gmt":"2023-11-25T14:46:29","guid":{"rendered":"https:\/\/test.wapenhandelcolenbrander.nl\/product\/hikmicro-hm-thunder-okular\/"},"modified":"2026-03-10T12:17:37","modified_gmt":"2026-03-10T10:17:37","slug":"hikmicro-hm-thunder-okular","status":"publish","type":"product","link":"https:\/\/wapenhandelcolenbrander.nl\/de\/produkt\/hikmicro-hm-thunder-okular\/","title":{"rendered":"Hikmicro HM-Thunder-Okular"},"content":{"rendered":"<p><strong><span style=\"font-size:medium\">Beschreibung des Produkts<\/span><\/strong><\/p>\n<p><span style=\"font-size:medium\">Dies ist das Okular f\u00fcr die Thunder-W\u00e4rmebildfernrohre von HikMicro. Die Augenmuschel kann als Ersatz f\u00fcr das Aufsteckokular verwendet werden und erm\u00f6glicht es Ihnen, Ihr Aufsteckokular im Handumdrehen in ein Hand- oder W\u00e4rmebildfernrohr zu verwandeln.<\/span><\/p>\n<p>?<\/p>\n<p><strong><span style=\"font-size:medium\">Spezifikationen<\/span><\/strong><\/p>\n<table style=\"border-collapse:collapse; border-spacing:0px; border:none; color:rgb(35, 35, 33); font-family:poppins,helvetica neue,helvetica,arial,sans-serif; line-height:2.2em; max-width:100%; width:1240px\" class=\"additional-attributes data table\">\n<caption><span style=\"font-size:medium\">Spezifikationen<\/span><\/caption>\n<tbody>\n<tr>\n<td scope=\"row\" style=\"vertical-align:top; width:310px\">\n  <span style=\"font-size:medium\">Marke<\/span>\n<\/td>\n<td style=\"vertical-align:top; width:919px\">\n  <span style=\"font-size:medium\">HikMicro<\/span>\n<\/td>\n<\/tr>\n<tr>\n<td scope=\"row\" style=\"vertical-align:top; width:310px\">\n  <span style=\"font-size:medium\"><em>iProdukt-Code<\/em><\/span>\n<\/td>\n<td style=\"vertical-align:top; width:919px\">\n  <span style=\"font-size:medium\">HM-THUNDER-E<\/span>\n<\/td>\n<\/tr>\n<\/tbody>\n<\/table>\n","protected":false},"excerpt":{"rendered":"<p>Beschreibung des Produkts Dies ist das Okular f\u00fcr die Thunder-W\u00e4rmebildfernrohre von HikMicro. Die Augenmuschel kann als Ersatz f\u00fcr das Aufsteckokular<\/p>\n","protected":false},"featured_media":35791,"template":"","meta":{"_monsterinsights_skip_tracking":false,"_monsterinsights_sitenote_active":false,"_monsterinsights_sitenote_note":"","_monsterinsights_sitenote_category":0},"product_brand":[],"product_cat":[852,1897,853],"product_tag":[],"class_list":{"0":"post-36176","1":"product","2":"type-product","3":"status-publish","4":"has-post-thumbnail","6":"product_cat-optik","7":"product_cat-warmebild","8":"product_cat-warmebildtechnik-und-nachtsicht","10":"first","11":"instock","12":"taxable","13":"shipping-taxable","14":"purchasable","15":"product-type-simple"},"_links":{"self":[{"href":"https:\/\/wapenhandelcolenbrander.nl\/de\/wp-json\/wp\/v2\/product\/36176","targetHints":{"allow":["GET"]}}],"collection":[{"href":"https:\/\/wapenhandelcolenbrander.nl\/de\/wp-json\/wp\/v2\/product"}],"about":[{"href":"https:\/\/wapenhandelcolenbrander.nl\/de\/wp-json\/wp\/v2\/types\/product"}],"version-history":[{"count":0,"href":"https:\/\/wapenhandelcolenbrander.nl\/de\/wp-json\/wp\/v2\/product\/36176\/revisions"}],"wp:featuredmedia":[{"embeddable":true,"href":"https:\/\/wapenhandelcolenbrander.nl\/de\/wp-json\/wp\/v2\/media\/35791"}],"wp:attachment":[{"href":"https:\/\/wapenhandelcolenbrander.nl\/de\/wp-json\/wp\/v2\/media?parent=36176"}],"wp:term":[{"taxonomy":"product_brand","embeddable":true,"href":"https:\/\/wapenhandelcolenbrander.nl\/de\/wp-json\/wp\/v2\/product_brand?post=36176"},{"taxonomy":"product_cat","embeddable":true,"href":"https:\/\/wapenhandelcolenbrander.nl\/de\/wp-json\/wp\/v2\/product_cat?post=36176"},{"taxonomy":"product_tag","embeddable":true,"href":"https:\/\/wapenhandelcolenbrander.nl\/de\/wp-json\/wp\/v2\/product_tag?post=36176"}],"curies":[{"name":"wp","href":"https:\/\/api.w.org\/{rel}","templated":true}]}}