{"id":35708,"date":"2023-11-17T18:58:13","date_gmt":"2023-11-17T18:58:13","guid":{"rendered":"https:\/\/test.wapenhandelcolenbrander.nl\/product\/crosman-2240-luftpistole-co2-55-mm\/"},"modified":"2026-02-04T20:41:14","modified_gmt":"2026-02-04T18:41:14","slug":"crosman-2240-luftpistole-co2-55-mm","status":"publish","type":"product","link":"https:\/\/wapenhandelcolenbrander.nl\/de\/produkt\/crosman-2240-luftpistole-co2-55-mm\/","title":{"rendered":"Crosman 2240 Luftpistole CO2 &#8211; 5,5 mm"},"content":{"rendered":"<p>Handliche Luftpistole von Crosman 2240 funktioniert mit g\u00e4ngigen CO2-Patronen (siehe an anderer Stelle in meinem Webshop).<\/p>\n<\/p>\n<p>Mit einer CO2-Kapsel schie\u00dft man etwa 30 Mal, 5,5 mm Geschoss, 180 m\/s! Leicht einstellbare Visierung, Einzelschuss.<\/p>\n<p><strong>Dieser Artikel wird nur an Personen \u00fcber 18 Jahren geliefert! Zustellung nach Erhalt eines g\u00fcltigen Identit\u00e4tsnachweises (Personalausweis oder Reisepass) \u00fcber info@wapenhandelcolenbrander.nl<\/strong><\/p>\n","protected":false},"excerpt":{"rendered":"<p>Handliche Luftpistole von Crosman 2240 funktioniert mit g\u00e4ngigen CO2-Patronen (siehe an anderer Stelle in meinem Webshop). Mit einer CO2-Kapsel schie\u00dft<\/p>\n","protected":false},"featured_media":34208,"template":"","meta":{"_monsterinsights_skip_tracking":false,"_monsterinsights_sitenote_active":false,"_monsterinsights_sitenote_note":"","_monsterinsights_sitenote_category":0},"product_brand":[],"product_cat":[967,817,818],"product_tag":[],"class_list":{"0":"post-35708","1":"product","2":"type-product","3":"status-publish","4":"has-post-thumbnail","6":"product_cat-crosman-benjamin-de","7":"product_cat-luftgewehre","8":"product_cat-luftpistolen-und-schreckschusspistolen","10":"first","11":"instock","12":"taxable","13":"shipping-taxable","14":"purchasable","15":"product-type-simple"},"_links":{"self":[{"href":"https:\/\/wapenhandelcolenbrander.nl\/de\/wp-json\/wp\/v2\/product\/35708","targetHints":{"allow":["GET"]}}],"collection":[{"href":"https:\/\/wapenhandelcolenbrander.nl\/de\/wp-json\/wp\/v2\/product"}],"about":[{"href":"https:\/\/wapenhandelcolenbrander.nl\/de\/wp-json\/wp\/v2\/types\/product"}],"version-history":[{"count":0,"href":"https:\/\/wapenhandelcolenbrander.nl\/de\/wp-json\/wp\/v2\/product\/35708\/revisions"}],"wp:featuredmedia":[{"embeddable":true,"href":"https:\/\/wapenhandelcolenbrander.nl\/de\/wp-json\/wp\/v2\/media\/34208"}],"wp:attachment":[{"href":"https:\/\/wapenhandelcolenbrander.nl\/de\/wp-json\/wp\/v2\/media?parent=35708"}],"wp:term":[{"taxonomy":"product_brand","embeddable":true,"href":"https:\/\/wapenhandelcolenbrander.nl\/de\/wp-json\/wp\/v2\/product_brand?post=35708"},{"taxonomy":"product_cat","embeddable":true,"href":"https:\/\/wapenhandelcolenbrander.nl\/de\/wp-json\/wp\/v2\/product_cat?post=35708"},{"taxonomy":"product_tag","embeddable":true,"href":"https:\/\/wapenhandelcolenbrander.nl\/de\/wp-json\/wp\/v2\/product_tag?post=35708"}],"curies":[{"name":"wp","href":"https:\/\/api.w.org\/{rel}","templated":true}]}}