{"id":28633,"date":"2023-11-05T17:24:00","date_gmt":"2023-11-05T15:24:00","guid":{"rendered":"https:\/\/test.wapenhandelcolenbrander.nl\/product\/fx-wildcat-mk3-compact-22\/"},"modified":"2026-04-13T11:24:41","modified_gmt":"2026-04-13T09:24:41","slug":"fx-wildcat-mk3-compact","status":"publish","type":"product","link":"https:\/\/wapenhandelcolenbrander.nl\/de\/produkt\/fx-wildcat-mk3-compact\/","title":{"rendered":"FX Wildcat MK3 Compact Synthetic"},"content":{"rendered":"<h4 data-start=\"0\" data-end=\"288\">FX Wildcat MK3 Compact Synthetic!<\/h4>\n<div class=\"flex flex-col text-sm pb-25\">\n<section class=\"text-token-text-primary w-full focus:outline-none [--shadow-height:45px] has-data-writing-block:pointer-events-none has-data-writing-block:-mt-(--shadow-height) has-data-writing-block:pt-(--shadow-height) [&amp;:has([data-writing-block])&gt;*]:pointer-events-auto scroll-mt-[calc(var(--header-height)+min(200px,max(70px,20svh)))]\" dir=\"auto\" data-turn-id=\"request-WEB:d3a10321-ced8-4088-b51b-d8c5dffc436d-4\" data-testid=\"conversation-turn-10\" data-scroll-anchor=\"true\" data-turn=\"assistant\">\n<div class=\"text-base my-auto mx-auto pb-10 [--thread-content-margin:var(--thread-content-margin-xs,calc(var(--spacing)*4))] @w-sm\/main:[--thread-content-margin:var(--thread-content-margin-sm,calc(var(--spacing)*6))] @w-lg\/main:[--thread-content-margin:var(--thread-content-margin-lg,calc(var(--spacing)*16))] px-(--thread-content-margin)\">\n<div class=\"[--thread-content-max-width:40rem] @w-lg\/main:[--thread-content-max-width:48rem] mx-auto max-w-(--thread-content-max-width) flex-1 group\/turn-messages focus-visible:outline-hidden relative flex w-full min-w-0 flex-col agent-turn\">\n<div class=\"flex max-w-full flex-col gap-4 grow\">\n<div class=\"min-h-8 text-message relative flex w-full flex-col items-end gap-2 text-start break-words whitespace-normal outline-none keyboard-focused:focus-ring [.text-message+&amp;]:mt-1\" dir=\"auto\" tabindex=\"0\" data-message-author-role=\"assistant\" data-message-id=\"7bd79a33-dddb-4796-9c89-918342b3adf0\" data-message-model-slug=\"gpt-5-3\" data-turn-start-message=\"true\">\n<div class=\"flex w-full flex-col gap-1 empty:hidden\">\n<div class=\"markdown prose dark:prose-invert w-full wrap-break-word light markdown-new-styling\">\n<p data-start=\"15\" data-end=\"417\">De FX Wildcat MK3 Compact is een moderne bullpup persluchtbuks die compactheid combineert met krachtige prestaties en uitgebreide instelmogelijkheden. Het geweer is voorzien van een regulator en een soepel werkend magazijn, wat zorgt voor consistente en betrouwbare schoten. De aluminium cilinder heeft een duurzame \u2018tactical\u2019 afwerking die goed bestand is tegen gebruikssporen zoals vingerafdrukken.<\/p>\n<h3 data-section-id=\"joj8pf\" data-start=\"419\" data-end=\"447\">Bediening en ergonomie<\/h3>\n<p data-start=\"448\" data-end=\"775\">De spanhendel is vervaardigd uit hoogwaardig aluminium en is verder naar voren geplaatst dan bij veel andere bullpup-modellen. Dit maakt het laden merkbaar comfortabeler en gebruiksvriendelijker. De actie is ondergebracht in een stevige synthetische kolf met een soft-touch coating, wat zorgt voor uitstekende grip en controle.<\/p>\n<h3 data-section-id=\"10mqyba\" data-start=\"777\" data-end=\"811\">Montagerail en schiethouding<\/h3>\n<p data-start=\"812\" data-end=\"1039\">De positie van de montagerail is zo gekozen dat je een natuurlijke en comfortabele houding achter de richtkijker hebt. Dit helpt om parallaxfouten te verminderen en draagt bij aan een betere nauwkeurigheid tijdens het schieten.<\/p>\n<h3 data-section-id=\"1u2rlrk\" data-start=\"1041\" data-end=\"1071\">Superior STX loopsysteem<\/h3>\n<p data-start=\"1072\" data-end=\"1501\">De FX Wildcat MK3 Compact is uitgerust met het Superior Smooth Twist X (STX) loopsysteem. Deze loop maakt gebruik van verwisselbare liners, die verkrijgbaar zijn in verschillende kalibers, lengtes en spoed. De trekken en velden zijn van buitenaf in de liner aangebracht, wat zorgt voor een gladde binnenzijde en optimale precisie. Door van liner te wisselen kun je het geweer perfect afstemmen op verschillende soorten pellets.<\/p>\n<h3 data-section-id=\"y6y7id\" data-start=\"1503\" data-end=\"1541\">Verbeterd plenum en luchtsysteem<\/h3>\n<p data-start=\"1542\" data-end=\"1714\">Ten opzichte van eerdere modellen is het plenum vergroot, evenals de luchtklep en luchtdoorstroom. Dit resulteert in betere prestaties en meer effici\u00ebntie bij het schieten.<\/p>\n<h3 data-section-id=\"ok11r1\" data-start=\"1716\" data-end=\"1750\">Power adjuster en afstelling<\/h3>\n<p data-start=\"1751\" data-end=\"2142\">Aan de achterkant bevindt zich een nieuwe power adjuster waarmee zowel grove als fijne afstellingen mogelijk zijn. Deze heeft zeven basisstanden, en in de achtste stand kun je met een inbussleutel de hamerveer nauwkeurig afstellen. In combinatie met de extern verstelbare AMP regulator biedt dit uitgebreide mogelijkheden om het vermogen perfect af te stemmen op elk kaliber en type munitie.<\/p>\n<h3 data-section-id=\"qrsqdh\" data-start=\"2144\" data-end=\"2172\">Magazijn en capaciteit<\/h3>\n<p data-start=\"2173\" data-end=\"2373\">De FX Wildcat MK3\u00a0Compact maakt gebruik van het vernieuwde FX SideShot magazijn. Dit biedt, afhankelijk van het kaliber, bijna een verdubbeling van de capaciteit ten opzichte van eerdere magazijnen.<\/p>\n<h3 data-section-id=\"1ny40bl\" data-start=\"2375\" data-end=\"2398\">Trekker en mete3rs<\/h3>\n<p data-start=\"2399\" data-end=\"2646\">De buks beschikt over een verstelbare 2-stage trekker die bekendstaat om zijn precisie en controle. Daarnaast zijn er twee manometers aanwezig: \u00e9\u00e9n voor de druk in de cilinder en \u00e9\u00e9n voor de regulator, zodat je altijd inzicht hebt in de luchtdruk.<\/p>\n<h3 data-section-id=\"19pp33b\" data-start=\"2648\" data-end=\"2678\">Accessoires en afwerking<\/h3>\n<p data-start=\"2679\" data-end=\"2935\" data-is-last-node=\"\" data-is-only-node=\"\">Standaard is de loop voorzien van een mantel en een \u00bd UNF schroefdraad voor het monteren van een optionele geluiddemper. De FX Wildcat MK3 Compact wordt geleverd met een Weaver\/Picatinny accessoirerail, zodat je eenvoudig extra accessoires kunt monteren.<\/p>\n<\/div>\n<\/div>\n<\/div>\n<\/div>\n<div class=\"z-0 flex min-h-[46px] justify-start\"><\/div>\n<\/div>\n<\/div>\n<\/section>\n<\/div>\n<h4 class=\"additional-info-group-name\">Specificaties van de FX Wildcat MK3 Compact Synthetic:<\/h4>\n<table class=\"data table additional-attributes\">\n<caption class=\"table-caption\">Specificaties<\/caption>\n<tbody class=\"-has-tooltips\">\n<tr>\n<td class=\"col label \" scope=\"row\">Merk<\/td>\n<td class=\"col data\" data-td=\"Merk\"><a href=\"https:\/\/www.fxairguns.com\/\" target=\"_blank\" rel=\"noopener\">FX Airguns<\/a><\/td>\n<\/tr>\n<tr>\n<td class=\"col label \" scope=\"row\">Serie<\/td>\n<td class=\"col data\" data-td=\"Serie\">FX Wildcat<\/td>\n<\/tr>\n<tr>\n<td class=\"col label -has-tooltip\" scope=\"row\">Productstatus<\/td>\n<td class=\"col data\" data-td=\"Productstatus\">Nieuw<\/td>\n<\/tr>\n<tr>\n<td class=\"col label -has-tooltip\" scope=\"row\">Kaliber<\/td>\n<td class=\"col data\" data-td=\"Kaliber\">4.5 mm \/ .177, 5.5 mm \/ .22, 6.35 mm \/ .25, 7.62 mm \/ .30<\/td>\n<\/tr>\n<tr>\n<td class=\"col label -has-tooltip\" scope=\"row\">Krachtbron<\/td>\n<td class=\"col data\" data-td=\"Krachtbron\">Perslucht<\/td>\n<\/tr>\n<tr>\n<td class=\"col label \" scope=\"row\">Cilinderinhoud (cm\u00b3)<\/td>\n<td class=\"col data\" data-td=\"Cilinderinhoud (cm\u00b3)\">230<\/td>\n<\/tr>\n<tr>\n<td class=\"col label -has-tooltip\" scope=\"row\">Vuldruk (bar \/ psi)<\/td>\n<td class=\"col data\" data-td=\"Vuldruk (bar \/ psi)\">230 \/ 3336<\/td>\n<\/tr>\n<tr>\n<td class=\"col label \" scope=\"row\">Gereguleerd<\/td>\n<td class=\"col data\" data-td=\"Gereguleerd\">Ja<\/td>\n<\/tr>\n<tr>\n<td class=\"col label -has-tooltip\" scope=\"row\">Energie (Joule)<\/td>\n<td class=\"col data\" data-td=\"Energie (Joule)\">27, 55, 75, 91<\/td>\n<\/tr>\n<tr>\n<td class=\"col label -has-tooltip\" scope=\"row\">Spansysteem<\/td>\n<td class=\"col data\" data-td=\"Spansysteem\">Zijhevel<\/td>\n<\/tr>\n<tr>\n<td class=\"col label -has-tooltip\" scope=\"row\">Magazijncapaciteit<\/td>\n<td class=\"col data\" data-td=\"Magazijncapaciteit\">13, 16, 18, 22<\/td>\n<\/tr>\n<tr>\n<td class=\"col label \" scope=\"row\">Gewicht (gram)<\/td>\n<td class=\"col data\" data-td=\"Gewicht (gram)\">2700<\/td>\n<\/tr>\n<tr>\n<td class=\"col label \" scope=\"row\">Looplengte (mm)<\/td>\n<td class=\"col data\" data-td=\"Looplengte (mm)\">500<\/td>\n<\/tr>\n<tr>\n<td class=\"col label \" scope=\"row\">Totale lengte (mm)<\/td>\n<td class=\"col data\" data-td=\"Totale lengte (mm)\">675<\/td>\n<\/tr>\n<tr>\n<td class=\"col label \" scope=\"row\">Inclusief richtkijker<\/td>\n<td class=\"col data\" data-td=\"Inclusief richtkijker\">Nee<\/td>\n<\/tr>\n<tr>\n<td class=\"col label -has-tooltip\" scope=\"row\">Kolf<\/td>\n<td class=\"col data\" data-td=\"Kolf\">Universeel<\/td>\n<\/tr>\n<tr>\n<td class=\"col label \" scope=\"row\">Kolf materiaal<\/td>\n<td class=\"col data\" data-td=\"Kolf materiaal\">Synthetisch<\/td>\n<\/tr>\n<tr>\n<td class=\"col label -has-tooltip\" scope=\"row\">Vizier<\/td>\n<td class=\"col data\" data-td=\"Vizier\">Geen vizierlijn<\/td>\n<\/tr>\n<tr>\n<td class=\"col label -has-tooltip\" scope=\"row\">Extra&#8217;s<\/td>\n<td class=\"col data\" data-td=\"Extra's\">Koffer, Vulnippel, Magazijn<\/td>\n<\/tr>\n<\/tbody>\n<\/table>\n<p>&nbsp;<\/p>\n<p>Bekijk hier ook andere artikelen van <a href=\"https:\/\/www.fxairguns.com\/\" target=\"_blank\" rel=\"noopener\">FX Airguns<\/a> op onze site:<br \/>\n<a href=\"https:\/\/wapenhandelcolenbrander.nl\/product-categorie\/luchtbuksen\/luchtdrukgeweren\/fx-airguns\/\">FX Airguns &#8211; Wapenhandel Colenbrander<\/a><\/p>\n<p><img decoding=\"async\" class=\"aligncenter\" src=\"https:\/\/wapenhandelcolenbrander.nl\/wp-content\/uploads\/2026\/03\/Logo-400x123.webp\" \/><\/p>\n","protected":false},"excerpt":{"rendered":"<p><strong>De FX Wildcat MK3 Compact Synthetic wordt uitsluitend geleverd aan personen boven de 18 jaar! Levering na ontvangst geldig legitimatiebewijs (ID kaart of paspoort) via webshop@wapenhandelcolenbrander.nl<\/strong><\/p>\n","protected":false},"featured_media":80034,"template":"","meta":{"_monsterinsights_skip_tracking":false,"_monsterinsights_sitenote_active":false,"_monsterinsights_sitenote_note":"","_monsterinsights_sitenote_category":0},"product_brand":[],"product_cat":[157,76,72],"product_tag":[],"class_list":{"0":"post-28633","1":"product","2":"type-product","3":"status-publish","4":"has-post-thumbnail","6":"product_cat-fx-airguns","7":"product_cat-luchtdrukgeweren","8":"product_cat-luchtbuksen","10":"first","11":"instock","12":"taxable","13":"shipping-taxable","14":"purchasable","15":"product-type-variable"},"_links":{"self":[{"href":"https:\/\/wapenhandelcolenbrander.nl\/de\/wp-json\/wp\/v2\/product\/28633","targetHints":{"allow":["GET"]}}],"collection":[{"href":"https:\/\/wapenhandelcolenbrander.nl\/de\/wp-json\/wp\/v2\/product"}],"about":[{"href":"https:\/\/wapenhandelcolenbrander.nl\/de\/wp-json\/wp\/v2\/types\/product"}],"version-history":[{"count":12,"href":"https:\/\/wapenhandelcolenbrander.nl\/de\/wp-json\/wp\/v2\/product\/28633\/revisions"}],"predecessor-version":[{"id":54606,"href":"https:\/\/wapenhandelcolenbrander.nl\/de\/wp-json\/wp\/v2\/product\/28633\/revisions\/54606"}],"wp:featuredmedia":[{"embeddable":true,"href":"https:\/\/wapenhandelcolenbrander.nl\/de\/wp-json\/wp\/v2\/media\/80034"}],"wp:attachment":[{"href":"https:\/\/wapenhandelcolenbrander.nl\/de\/wp-json\/wp\/v2\/media?parent=28633"}],"wp:term":[{"taxonomy":"product_brand","embeddable":true,"href":"https:\/\/wapenhandelcolenbrander.nl\/de\/wp-json\/wp\/v2\/product_brand?post=28633"},{"taxonomy":"product_cat","embeddable":true,"href":"https:\/\/wapenhandelcolenbrander.nl\/de\/wp-json\/wp\/v2\/product_cat?post=28633"},{"taxonomy":"product_tag","embeddable":true,"href":"https:\/\/wapenhandelcolenbrander.nl\/de\/wp-json\/wp\/v2\/product_tag?post=28633"}],"curies":[{"name":"wp","href":"https:\/\/api.w.org\/{rel}","templated":true}]}}